{"id":338,"date":"2018-11-21T13:59:44","date_gmt":"2018-11-21T13:59:44","guid":{"rendered":"https:\/\/demo.gloriathemes.com\/eventchamp\/demo\/?page_id=338"},"modified":"2023-01-25T17:35:34","modified_gmt":"2023-01-25T16:35:34","slug":"footer-style-1","status":"publish","type":"page","link":"https:\/\/pedalwithheart.com\/en\/footer-style-1\/","title":{"rendered":"Footer"},"content":{"rendered":"<div class=\"vc_row wpb_row vc_row-fluid gt-background-position-initial gt-background-attachment-initial gt-overflow-hidden gt-text-default\"><div class=\"wpb_column vc_column_container vc_col-sm-12 vc_col-lg-4 vc_col-md-4 vc_col-xs-12\"><div class=\"vc_column-inner\"><div class=\"wpb_wrapper\"><div class=\"gt-heading gt-white gt-size2 gt-align-left\"><div class=\"gt-title\">Kontakt<\/div><\/div><div class=\"vc_empty_space\"   style=\"height: 25px\"><span class=\"vc_empty_space_inner\"><\/span><\/div><div class=\"gt-contact-box\"><div class=\"gt-item gt-address\"><svg xmlns=\"http:\/\/www.w3.org\/2000\/svg\" viewbox=\"0 0 24 24\" fill=\"none\" stroke=\"currentColor\" stroke-width=\"2\" stroke-linecap=\"round\" stroke-linejoin=\"round\"><path d=\"M21 10c0 7-9 13-9 13s-9-6-9-13a9 9 0 0 1 18 0z\"><\/path><circle cx=\"12\" cy=\"10\" r=\"3\"><\/circle><\/svg>Jastrebarsko<\/div><div class=\"gt-item gt-email\"><svg xmlns=\"http:\/\/www.w3.org\/2000\/svg\" viewbox=\"0 0 24 24\" fill=\"none\" stroke=\"currentColor\" stroke-width=\"2\" stroke-linecap=\"round\" stroke-linejoin=\"round\"><path d=\"M4 4h16c1.1 0 2 .9 2 2v12c0 1.1-.9 2-2 2H4c-1.1 0-2-.9-2-2V6c0-1.1.9-2 2-2z\"><\/path><polyline points=\"22,6 12,13 2,6\"><\/polyline><\/svg><a href=\"mailto:pedalwithheart@gmail.com\">pedalwithheart@gmail.com<\/a><\/div><div class=\"gt-item gt-phone\"><svg xmlns=\"http:\/\/www.w3.org\/2000\/svg\" viewbox=\"0 0 24 24\" fill=\"none\" stroke=\"currentColor\" stroke-width=\"2\" stroke-linecap=\"round\" stroke-linejoin=\"round\"><path d=\"M22 16.92v3a2 2 0 0 1-2.18 2 19.79 19.79 0 0 1-8.63-3.07 19.5 19.5 0 0 1-6-6 19.79 19.79 0 0 1-3.07-8.67A2 2 0 0 1 4.11 2h3a2 2 0 0 1 2 1.72 12.84 12.84 0 0 0 .7 2.81 2 2 0 0 1-.45 2.11L8.09 9.91a16 16 0 0 0 6 6l1.27-1.27a2 2 0 0 1 2.11-.45 12.84 12.84 0 0 0 2.81.7A2 2 0 0 1 22 16.92z\"><\/path><\/svg><a href=\"tel:  385989886604\">+385 98 988 6604<\/a><\/div><\/div><div class=\"vc_empty_space\"   style=\"height: 25px\"><span class=\"vc_empty_space_inner\"><\/span><\/div><div class=\"gt-social-links-element gt-style-6\"><ul class=\"gt-social-links\"><li><a href=\"https:\/\/www.facebook.com\/pedalwithheart\" target=\"_blank\"><i class=\"fab fa-facebook-f\"><\/i><\/a><\/li><li><a href=\"https:\/\/www.instagram.com\/pedal_with_heart\/\" target=\"_blank\"><i class=\"fab fa-instagram\"><\/i><\/a><\/li><\/ul><\/div><\/div><\/div><\/div><div class=\"wpb_column vc_column_container vc_col-sm-12 vc_col-lg-4 vc_col-md-4 vc_col-xs-12\" id=\"footer-news-fix\"><div class=\"vc_column-inner\"><div class=\"wpb_wrapper\"><div class=\"gt-heading gt-white gt-size2 gt-align-left\"><div class=\"gt-title\">Zadnje objave<\/div><\/div><div class=\"vc_empty_space\"   style=\"height: 25px\"><span class=\"vc_empty_space_inner\"><\/span><\/div><div class=\"gt-blog gt-style3\"><div class=\"gt-columns gt-column-1 gt-column-space-20\"><div class=\"gt-col\"><div class=\"gt-inner\"><div class=\"gt-post-style-3\"><div class=\"gt-image\"><a href=\"https:\/\/pedalwithheart.com\/en\/4-pedal-with-heart-za-sos-djecje-selo-hrvatska\/\"><img loading=\"lazy\" decoding=\"async\" width=\"150\" height=\"150\" src=\"https:\/\/pedalwithheart.com\/wp-content\/uploads\/2024\/04\/plakat-150x150.jpg\" class=\"attachment-thumbnail size-thumbnail wp-post-image\" alt=\"\" srcset=\"https:\/\/pedalwithheart.com\/wp-content\/uploads\/2024\/04\/plakat-150x150.jpg 150w, https:\/\/pedalwithheart.com\/wp-content\/uploads\/2024\/04\/plakat-350x350.jpg 350w, https:\/\/pedalwithheart.com\/wp-content\/uploads\/2024\/04\/plakat-650x650.jpg 650w, https:\/\/pedalwithheart.com\/wp-content\/uploads\/2024\/04\/plakat-1200x1200.jpg 1200w, https:\/\/pedalwithheart.com\/wp-content\/uploads\/2024\/04\/plakat-85x85.jpg 85w, https:\/\/pedalwithheart.com\/wp-content\/uploads\/2024\/04\/plakat-300x300.jpg 300w, https:\/\/pedalwithheart.com\/wp-content\/uploads\/2024\/04\/plakat-100x100.jpg 100w\" sizes=\"auto, (max-width: 150px) 100vw, 150px\" \/><\/a><\/div><div class=\"gt-content\"><div class=\"gt-title\"><a href=\"https:\/\/pedalwithheart.com\/en\/4-pedal-with-heart-za-sos-djecje-selo-hrvatska\/\">4. Pedal with heart za SOS Dje\u010dje selo Hrvatska<\/a><\/div><\/div><\/div><\/div><\/div><div class=\"gt-col\"><div class=\"gt-inner\"><div class=\"gt-post-style-3\"><div class=\"gt-image\"><a href=\"https:\/\/pedalwithheart.com\/en\/sretan-bozic-i-nova-godina\/\"><img loading=\"lazy\" decoding=\"async\" width=\"150\" height=\"150\" src=\"https:\/\/pedalwithheart.com\/wp-content\/uploads\/2023\/12\/ADD2AFB0-DDA9-498A-A7AD-EEDDDE6F3334-150x150.jpg\" class=\"attachment-thumbnail size-thumbnail wp-post-image\" alt=\"\" srcset=\"https:\/\/pedalwithheart.com\/wp-content\/uploads\/2023\/12\/ADD2AFB0-DDA9-498A-A7AD-EEDDDE6F3334-150x150.jpg 150w, https:\/\/pedalwithheart.com\/wp-content\/uploads\/2023\/12\/ADD2AFB0-DDA9-498A-A7AD-EEDDDE6F3334-350x350.jpg 350w, https:\/\/pedalwithheart.com\/wp-content\/uploads\/2023\/12\/ADD2AFB0-DDA9-498A-A7AD-EEDDDE6F3334-650x650.jpg 650w, https:\/\/pedalwithheart.com\/wp-content\/uploads\/2023\/12\/ADD2AFB0-DDA9-498A-A7AD-EEDDDE6F3334-85x85.jpg 85w, https:\/\/pedalwithheart.com\/wp-content\/uploads\/2023\/12\/ADD2AFB0-DDA9-498A-A7AD-EEDDDE6F3334-300x300.jpg 300w, https:\/\/pedalwithheart.com\/wp-content\/uploads\/2023\/12\/ADD2AFB0-DDA9-498A-A7AD-EEDDDE6F3334-100x100.jpg 100w\" sizes=\"auto, (max-width: 150px) 100vw, 150px\" \/><\/a><\/div><div class=\"gt-content\"><div class=\"gt-title\"><a href=\"https:\/\/pedalwithheart.com\/en\/sretan-bozic-i-nova-godina\/\">SRETAN BO\u017dI\u0106 I NOVA GODINA<\/a><\/div><\/div><\/div><\/div><\/div><div class=\"gt-col\"><div class=\"gt-inner\"><div class=\"gt-post-style-3\"><div class=\"gt-image\"><a href=\"https:\/\/pedalwithheart.com\/en\/6-pedal-with-heart-dobrotvorna-biciklijada\/\"><img loading=\"lazy\" decoding=\"async\" width=\"150\" height=\"150\" src=\"https:\/\/pedalwithheart.com\/wp-content\/uploads\/2026\/03\/Medalja-mockup-150x150.png\" class=\"attachment-thumbnail size-thumbnail wp-post-image\" alt=\"\" srcset=\"https:\/\/pedalwithheart.com\/wp-content\/uploads\/2026\/03\/Medalja-mockup-150x150.png 150w, https:\/\/pedalwithheart.com\/wp-content\/uploads\/2026\/03\/Medalja-mockup-11x12.png 11w, https:\/\/pedalwithheart.com\/wp-content\/uploads\/2026\/03\/Medalja-mockup-350x350.png 350w, https:\/\/pedalwithheart.com\/wp-content\/uploads\/2026\/03\/Medalja-mockup-650x650.png 650w, https:\/\/pedalwithheart.com\/wp-content\/uploads\/2026\/03\/Medalja-mockup-85x85.png 85w, https:\/\/pedalwithheart.com\/wp-content\/uploads\/2026\/03\/Medalja-mockup-300x300.png 300w, https:\/\/pedalwithheart.com\/wp-content\/uploads\/2026\/03\/Medalja-mockup-100x100.png 100w\" sizes=\"auto, (max-width: 150px) 100vw, 150px\" \/><\/a><\/div><div class=\"gt-content\"><div class=\"gt-title\"><a href=\"https:\/\/pedalwithheart.com\/en\/6-pedal-with-heart-dobrotvorna-biciklijada\/\">6. Pedal with Heart  dobrotvorna biciklijada<\/a><\/div><\/div><\/div><\/div><\/div><div class=\"gt-col\"><div class=\"gt-inner\"><div class=\"gt-post-style-3\"><div class=\"gt-content\"><div class=\"gt-title\"><a href=\"https:\/\/pedalwithheart.com\/en\/isporuka-u-sos-djecje-selo-hrvatska-2\/\">Isporuka u SOS Dje\u010dje selo Hrvatska<\/a><\/div><\/div><\/div><\/div><\/div><div class=\"gt-col\"><div class=\"gt-inner\"><div class=\"gt-post-style-3\"><div class=\"gt-image\"><a href=\"https:\/\/pedalwithheart.com\/en\/5-pedal-with-heart-biciklijada-za-sos-djecje-selo-hrvatska\/\"><img loading=\"lazy\" decoding=\"async\" width=\"150\" height=\"150\" src=\"https:\/\/pedalwithheart.com\/wp-content\/uploads\/2025\/03\/baner2025-150x150.jpg\" class=\"attachment-thumbnail size-thumbnail wp-post-image\" alt=\"\" srcset=\"https:\/\/pedalwithheart.com\/wp-content\/uploads\/2025\/03\/baner2025-150x150.jpg 150w, https:\/\/pedalwithheart.com\/wp-content\/uploads\/2025\/03\/baner2025-11x12.jpg 11w, https:\/\/pedalwithheart.com\/wp-content\/uploads\/2025\/03\/baner2025-350x350.jpg 350w, https:\/\/pedalwithheart.com\/wp-content\/uploads\/2025\/03\/baner2025-650x650.jpg 650w, https:\/\/pedalwithheart.com\/wp-content\/uploads\/2025\/03\/baner2025-85x85.jpg 85w, https:\/\/pedalwithheart.com\/wp-content\/uploads\/2025\/03\/baner2025-300x300.jpg 300w, https:\/\/pedalwithheart.com\/wp-content\/uploads\/2025\/03\/baner2025-100x100.jpg 100w\" sizes=\"auto, (max-width: 150px) 100vw, 150px\" \/><\/a><\/div><div class=\"gt-content\"><div class=\"gt-title\"><a href=\"https:\/\/pedalwithheart.com\/en\/5-pedal-with-heart-biciklijada-za-sos-djecje-selo-hrvatska\/\">5. Pedal with Heart \u2013 Biciklijada za SOS Dje\u010dje selo Hrvatska<\/a><\/div><\/div><\/div><\/div><\/div><\/div><\/div><\/div><\/div><\/div><div class=\"wpb_column vc_column_container vc_col-sm-12 vc_col-lg-4 vc_col-md-4 vc_col-xs-12\"><div class=\"vc_column-inner\"><div class=\"wpb_wrapper\"><\/div><\/div><\/div><\/div>","protected":false},"excerpt":{"rendered":"5. Pedal with Heart \u2013 Biciklijada za SOS Dje\u010dje selo Hrvatska Datum: 1.lipnja 2025 Lokacija: Jastrebarsko Duljina rute: 42km sa 430m visinaca Posebnost rute: Srcoliki oblik Pridru\u017eite nam se na 5. izdanju dobrotvorne biciklijade \u201cPedal with Heart\u201d i svojim sudjelovanjem...","protected":false},"author":2,"featured_media":0,"parent":0,"menu_order":0,"comment_status":"closed","ping_status":"closed","template":"","meta":{"footnotes":""},"class_list":["post-338","page","type-page","status-publish","hentry"],"yoast_head":"<!-- This site is optimized with the Yoast SEO plugin v22.5 - https:\/\/yoast.com\/wordpress\/plugins\/seo\/ -->\n<title>Footer - Pedal With Heart<\/title>\n<meta name=\"robots\" content=\"index, follow, max-snippet:-1, max-image-preview:large, max-video-preview:-1\" \/>\n<link rel=\"canonical\" href=\"https:\/\/pedalwithheart.com\/en\/footer-style-1\/\" \/>\n<meta property=\"og:locale\" content=\"en_US\" \/>\n<meta property=\"og:type\" content=\"article\" \/>\n<meta property=\"og:title\" content=\"Footer - Pedal With Heart\" \/>\n<meta property=\"og:url\" content=\"https:\/\/pedalwithheart.com\/en\/footer-style-1\/\" \/>\n<meta property=\"og:site_name\" content=\"Pedal With Heart\" \/>\n<meta property=\"article:publisher\" content=\"https:\/\/www.facebook.com\/pedalwithheart\" \/>\n<meta property=\"article:modified_time\" content=\"2023-01-25T16:35:34+00:00\" \/>\n<meta name=\"twitter:card\" content=\"summary_large_image\" \/>\n<meta name=\"twitter:label1\" content=\"Est. reading time\" \/>\n\t<meta name=\"twitter:data1\" content=\"1 minute\" \/>\n<script type=\"application\/ld+json\" class=\"yoast-schema-graph\">{\"@context\":\"https:\/\/schema.org\",\"@graph\":[{\"@type\":\"WebPage\",\"@id\":\"https:\/\/pedalwithheart.com\/footer-style-1\/\",\"url\":\"https:\/\/pedalwithheart.com\/footer-style-1\/\",\"name\":\"Footer - Pedal With Heart\",\"isPartOf\":{\"@id\":\"https:\/\/3.74.107.63\/#website\"},\"datePublished\":\"2018-11-21T13:59:44+00:00\",\"dateModified\":\"2023-01-25T16:35:34+00:00\",\"breadcrumb\":{\"@id\":\"https:\/\/pedalwithheart.com\/footer-style-1\/#breadcrumb\"},\"inLanguage\":\"en-US\",\"potentialAction\":[{\"@type\":\"ReadAction\",\"target\":[\"https:\/\/pedalwithheart.com\/footer-style-1\/\"]}]},{\"@type\":\"BreadcrumbList\",\"@id\":\"https:\/\/pedalwithheart.com\/footer-style-1\/#breadcrumb\",\"itemListElement\":[{\"@type\":\"ListItem\",\"position\":1,\"name\":\"Home\",\"item\":\"https:\/\/3.74.107.63\/\"},{\"@type\":\"ListItem\",\"position\":2,\"name\":\"Footer\"}]},{\"@type\":\"WebSite\",\"@id\":\"https:\/\/3.74.107.63\/#website\",\"url\":\"https:\/\/3.74.107.63\/\",\"name\":\"Pedal With Heart\",\"description\":\"Ono \u0161to \u010dinimo za drugog \u010dinimo za sebe\",\"publisher\":{\"@id\":\"https:\/\/3.74.107.63\/#organization\"},\"potentialAction\":[{\"@type\":\"SearchAction\",\"target\":{\"@type\":\"EntryPoint\",\"urlTemplate\":\"https:\/\/3.74.107.63\/?s={search_term_string}\"},\"query-input\":\"required name=search_term_string\"}],\"inLanguage\":\"en-US\"},{\"@type\":\"Organization\",\"@id\":\"https:\/\/3.74.107.63\/#organization\",\"name\":\"Pedal With Heart\",\"url\":\"https:\/\/3.74.107.63\/\",\"logo\":{\"@type\":\"ImageObject\",\"inLanguage\":\"en-US\",\"@id\":\"https:\/\/3.74.107.63\/#\/schema\/logo\/image\/\",\"url\":\"https:\/\/pedalwithheart.com\/wp-content\/uploads\/2022\/07\/pedal-with-heart-fav.png\",\"contentUrl\":\"https:\/\/pedalwithheart.com\/wp-content\/uploads\/2022\/07\/pedal-with-heart-fav.png\",\"width\":270,\"height\":270,\"caption\":\"Pedal With Heart\"},\"image\":{\"@id\":\"https:\/\/3.74.107.63\/#\/schema\/logo\/image\/\"},\"sameAs\":[\"https:\/\/www.facebook.com\/pedalwithheart\",\"https:\/\/www.instagram.com\/pedal_with_heart\/\"]}]}<\/script>\n<!-- \/ Yoast SEO plugin. -->","yoast_head_json":{"title":"Footer - Pedal With Heart","robots":{"index":"index","follow":"follow","max-snippet":"max-snippet:-1","max-image-preview":"max-image-preview:large","max-video-preview":"max-video-preview:-1"},"canonical":"https:\/\/pedalwithheart.com\/en\/footer-style-1\/","og_locale":"en_US","og_type":"article","og_title":"Footer - Pedal With Heart","og_url":"https:\/\/pedalwithheart.com\/en\/footer-style-1\/","og_site_name":"Pedal With Heart","article_publisher":"https:\/\/www.facebook.com\/pedalwithheart","article_modified_time":"2023-01-25T16:35:34+00:00","twitter_card":"summary_large_image","twitter_misc":{"Est. reading time":"1 minute"},"schema":{"@context":"https:\/\/schema.org","@graph":[{"@type":"WebPage","@id":"https:\/\/pedalwithheart.com\/footer-style-1\/","url":"https:\/\/pedalwithheart.com\/footer-style-1\/","name":"Footer - Pedal With Heart","isPartOf":{"@id":"https:\/\/3.74.107.63\/#website"},"datePublished":"2018-11-21T13:59:44+00:00","dateModified":"2023-01-25T16:35:34+00:00","breadcrumb":{"@id":"https:\/\/pedalwithheart.com\/footer-style-1\/#breadcrumb"},"inLanguage":"en-US","potentialAction":[{"@type":"ReadAction","target":["https:\/\/pedalwithheart.com\/footer-style-1\/"]}]},{"@type":"BreadcrumbList","@id":"https:\/\/pedalwithheart.com\/footer-style-1\/#breadcrumb","itemListElement":[{"@type":"ListItem","position":1,"name":"Home","item":"https:\/\/3.74.107.63\/"},{"@type":"ListItem","position":2,"name":"Footer"}]},{"@type":"WebSite","@id":"https:\/\/3.74.107.63\/#website","url":"https:\/\/3.74.107.63\/","name":"Pedal With Heart","description":"Ono \u0161to \u010dinimo za drugog \u010dinimo za sebe","publisher":{"@id":"https:\/\/3.74.107.63\/#organization"},"potentialAction":[{"@type":"SearchAction","target":{"@type":"EntryPoint","urlTemplate":"https:\/\/3.74.107.63\/?s={search_term_string}"},"query-input":"required name=search_term_string"}],"inLanguage":"en-US"},{"@type":"Organization","@id":"https:\/\/3.74.107.63\/#organization","name":"Pedal With Heart","url":"https:\/\/3.74.107.63\/","logo":{"@type":"ImageObject","inLanguage":"en-US","@id":"https:\/\/3.74.107.63\/#\/schema\/logo\/image\/","url":"https:\/\/pedalwithheart.com\/wp-content\/uploads\/2022\/07\/pedal-with-heart-fav.png","contentUrl":"https:\/\/pedalwithheart.com\/wp-content\/uploads\/2022\/07\/pedal-with-heart-fav.png","width":270,"height":270,"caption":"Pedal With Heart"},"image":{"@id":"https:\/\/3.74.107.63\/#\/schema\/logo\/image\/"},"sameAs":["https:\/\/www.facebook.com\/pedalwithheart","https:\/\/www.instagram.com\/pedal_with_heart\/"]}]}},"_links":{"self":[{"href":"https:\/\/pedalwithheart.com\/en\/wp-json\/wp\/v2\/pages\/338","targetHints":{"allow":["GET"]}}],"collection":[{"href":"https:\/\/pedalwithheart.com\/en\/wp-json\/wp\/v2\/pages"}],"about":[{"href":"https:\/\/pedalwithheart.com\/en\/wp-json\/wp\/v2\/types\/page"}],"author":[{"embeddable":true,"href":"https:\/\/pedalwithheart.com\/en\/wp-json\/wp\/v2\/users\/2"}],"replies":[{"embeddable":true,"href":"https:\/\/pedalwithheart.com\/en\/wp-json\/wp\/v2\/comments?post=338"}],"version-history":[{"count":11,"href":"https:\/\/pedalwithheart.com\/en\/wp-json\/wp\/v2\/pages\/338\/revisions"}],"predecessor-version":[{"id":3635,"href":"https:\/\/pedalwithheart.com\/en\/wp-json\/wp\/v2\/pages\/338\/revisions\/3635"}],"wp:attachment":[{"href":"https:\/\/pedalwithheart.com\/en\/wp-json\/wp\/v2\/media?parent=338"}],"curies":[{"name":"wp","href":"https:\/\/api.w.org\/{rel}","templated":true}]}}